{"id":3786,"date":"2020-02-01T18:52:50","date_gmt":"2020-02-01T16:52:50","guid":{"rendered":"http:\/\/www.rck.lv\/?page_id=3786"},"modified":"2022-07-14T09:00:27","modified_gmt":"2022-07-14T06:00:27","slug":"about-us","status":"publish","type":"page","link":"https:\/\/www.rck.lv\/en\/college\/about-us\/","title":{"rendered":"About us"},"content":{"rendered":"\n<p>\u21d2 <a href=\"https:\/\/rcklatvia.sharepoint.com\/:b:\/s\/RCK-KVS\/EcRjt8KKJv1MpMBaMn57EUkBWz3GmWd2UZ7npMBtwjDIyA?e=ywAuOq\" target=\"_blank\" rel=\"noopener\">Development and investment strategy of RBC<\/a><\/p>\n<p>\u21d2 <a href=\"https:\/\/rcklatvia.sharepoint.com\/:b:\/s\/RCK-KVS\/EQ9yb3IzqcJMt32HRwLL5pcB-xTx8rT3SWH7Aa2PVucrIg?e=1Q3K9B\" target=\"_blank\" rel=\"noopener\">Code of Conduct of RBC<\/a><\/p>\n<p>\u21d2 I<a href=\"https:\/\/rcklatvia.sharepoint.com\/:b:\/s\/RCK-KVS\/EZfMGsvbcQZKqXSPdPhd9OwBv6sZ0oHKKDmBMVr8qgdyng?e=r6tyeu\" target=\"_blank\" rel=\"noopener\">nternal Regulations of the Student hostel of RBC<\/a><\/p>\n<p>\u21d2 <a href=\"https:\/\/rcklatvia.sharepoint.com\/:b:\/s\/RCK-KVS\/EXSqUkUsG-NBiHsUqJ-6ozsBkJhJiQRMyYFfUh1IoolrKQ?e=uo7g6j\" target=\"_blank\" rel=\"noopener\">Regulations of the Internal Audit Committee of RBC<\/a><\/p>\n<p>\u21d2 <a href=\"https:\/\/www.rck.lv\/wp-content\/uploads\/2022\/07\/1.2.-RCK-Structure.pdf\" target=\"_blank\" rel=\"noopener\">Structure of Riga Building college<\/a><\/p>\n","protected":false},"excerpt":{"rendered":"<p>\u21d2 Development and investment strategy of RBC \u21d2 Code of Conduct of RBC \u21d2 Internal Regulations of the Student hostel of RBC \u21d2 Regulations of the Internal Audit Committee of RBC \u21d2 Structure of Riga Building college<\/p>\n","protected":false},"author":4,"featured_media":0,"parent":7964,"menu_order":100,"comment_status":"closed","ping_status":"closed","template":"","meta":{"footnotes":""},"class_list":["post-3786","page","type-page","status-publish","hentry"],"yoast_head":"<!-- This site is optimized with the Yoast SEO plugin v24.8.1 - https:\/\/yoast.com\/wordpress\/plugins\/seo\/ -->\n<title>About us - R\u012bgas B\u016bvniec\u012bbas koled\u017ea<\/title>\n<meta name=\"description\" content=\"\u21d2 Development and investment strategy of RBC \u21d2 Code of Conduct of RBC \u21d2 Internal Regulations of the Student hostel of RBC \u21d2 Regulations of the Internal\" \/>\n<meta name=\"robots\" content=\"index, follow, max-snippet:-1, max-image-preview:large, max-video-preview:-1\" \/>\n<link rel=\"canonical\" href=\"https:\/\/www.rck.lv\/en\/college\/about-us\/\" \/>\n<meta property=\"og:locale\" content=\"en_US\" \/>\n<meta property=\"og:type\" content=\"article\" \/>\n<meta property=\"og:title\" content=\"About us - R\u012bgas B\u016bvniec\u012bbas koled\u017ea\" \/>\n<meta property=\"og:description\" content=\"\u21d2 Development and investment strategy of RBC \u21d2 Code of Conduct of RBC \u21d2 Internal Regulations of the Student hostel of RBC \u21d2 Regulations of the Internal\" \/>\n<meta property=\"og:url\" content=\"https:\/\/www.rck.lv\/en\/college\/about-us\/\" \/>\n<meta property=\"og:site_name\" content=\"R\u012bgas B\u016bvniec\u012bbas koled\u017ea\" \/>\n<meta property=\"article:publisher\" content=\"https:\/\/www.facebook.com\/Rigasceltniecibaskoledza\" \/>\n<meta property=\"article:modified_time\" content=\"2022-07-14T06:00:27+00:00\" \/>\n<meta name=\"twitter:card\" content=\"summary_large_image\" \/>\n<meta name=\"twitter:label1\" content=\"Est. reading time\" \/>\n\t<meta name=\"twitter:data1\" content=\"1 minute\" \/>\n<script type=\"application\/ld+json\" class=\"yoast-schema-graph\">{\"@context\":\"https:\/\/schema.org\",\"@graph\":[{\"@type\":\"WebPage\",\"@id\":\"https:\/\/www.rck.lv\/en\/college\/about-us\/\",\"url\":\"https:\/\/www.rck.lv\/en\/college\/about-us\/\",\"name\":\"About us - R\u012bgas B\u016bvniec\u012bbas koled\u017ea\",\"isPartOf\":{\"@id\":\"https:\/\/www.rck.lv\/#website\"},\"datePublished\":\"2020-02-01T16:52:50+00:00\",\"dateModified\":\"2022-07-14T06:00:27+00:00\",\"description\":\"\u21d2 Development and investment strategy of RBC \u21d2 Code of Conduct of RBC \u21d2 Internal Regulations of the Student hostel of RBC \u21d2 Regulations of the Internal\",\"breadcrumb\":{\"@id\":\"https:\/\/www.rck.lv\/en\/college\/about-us\/#breadcrumb\"},\"inLanguage\":\"en-US\",\"potentialAction\":[{\"@type\":\"ReadAction\",\"target\":[\"https:\/\/www.rck.lv\/en\/college\/about-us\/\"]}]},{\"@type\":\"BreadcrumbList\",\"@id\":\"https:\/\/www.rck.lv\/en\/college\/about-us\/#breadcrumb\",\"itemListElement\":[{\"@type\":\"ListItem\",\"position\":1,\"name\":\"Home\",\"item\":\"https:\/\/www.rck.lv\/en\/\"},{\"@type\":\"ListItem\",\"position\":2,\"name\":\"College\",\"item\":\"https:\/\/www.rck.lv\/en\/college\/\"},{\"@type\":\"ListItem\",\"position\":3,\"name\":\"About us\"}]},{\"@type\":\"WebSite\",\"@id\":\"https:\/\/www.rck.lv\/#website\",\"url\":\"https:\/\/www.rck.lv\/\",\"name\":\"R\u012bgas B\u016bvniec\u012bbas koled\u017ea\",\"description\":\"R\u012bgas B\u016bvniec\u012bbas koled\u017ea ir profesion\u0101l\u0101s izgl\u012bt\u012bbas m\u0101c\u012bbu iest\u0101de, kas realiz\u0113 profesion\u0101lo vid\u0113jo izgl\u012bt\u012bbu un 1.l\u012bme\u0146a profesion\u0101lo augst\u0101ko izgl\u012bt\u012bbu dienas un vakara noda\u013c\u0101.\",\"publisher\":{\"@id\":\"https:\/\/www.rck.lv\/#organization\"},\"potentialAction\":[{\"@type\":\"SearchAction\",\"target\":{\"@type\":\"EntryPoint\",\"urlTemplate\":\"https:\/\/www.rck.lv\/?s={search_term_string}\"},\"query-input\":{\"@type\":\"PropertyValueSpecification\",\"valueRequired\":true,\"valueName\":\"search_term_string\"}}],\"inLanguage\":\"en-US\"},{\"@type\":\"Organization\",\"@id\":\"https:\/\/www.rck.lv\/#organization\",\"name\":\"R\u012bgas Celtniec\u012bbas koled\u017ea\",\"url\":\"https:\/\/www.rck.lv\/\",\"logo\":{\"@type\":\"ImageObject\",\"inLanguage\":\"en-US\",\"@id\":\"https:\/\/www.rck.lv\/#\/schema\/logo\/image\/\",\"url\":\"https:\/\/www.rck.lv\/wp-content\/uploads\/2020\/03\/rck-logo.png\",\"contentUrl\":\"https:\/\/www.rck.lv\/wp-content\/uploads\/2020\/03\/rck-logo.png\",\"width\":275,\"height\":107,\"caption\":\"R\u012bgas Celtniec\u012bbas koled\u017ea\"},\"image\":{\"@id\":\"https:\/\/www.rck.lv\/#\/schema\/logo\/image\/\"},\"sameAs\":[\"https:\/\/www.facebook.com\/Rigasceltniecibaskoledza\"]}]}<\/script>\n<!-- \/ Yoast SEO plugin. -->","yoast_head_json":{"title":"About us - R\u012bgas B\u016bvniec\u012bbas koled\u017ea","description":"\u21d2 Development and investment strategy of RBC \u21d2 Code of Conduct of RBC \u21d2 Internal Regulations of the Student hostel of RBC \u21d2 Regulations of the Internal","robots":{"index":"index","follow":"follow","max-snippet":"max-snippet:-1","max-image-preview":"max-image-preview:large","max-video-preview":"max-video-preview:-1"},"canonical":"https:\/\/www.rck.lv\/en\/college\/about-us\/","og_locale":"en_US","og_type":"article","og_title":"About us - R\u012bgas B\u016bvniec\u012bbas koled\u017ea","og_description":"\u21d2 Development and investment strategy of RBC \u21d2 Code of Conduct of RBC \u21d2 Internal Regulations of the Student hostel of RBC \u21d2 Regulations of the Internal","og_url":"https:\/\/www.rck.lv\/en\/college\/about-us\/","og_site_name":"R\u012bgas B\u016bvniec\u012bbas koled\u017ea","article_publisher":"https:\/\/www.facebook.com\/Rigasceltniecibaskoledza","article_modified_time":"2022-07-14T06:00:27+00:00","twitter_card":"summary_large_image","twitter_misc":{"Est. reading time":"1 minute"},"schema":{"@context":"https:\/\/schema.org","@graph":[{"@type":"WebPage","@id":"https:\/\/www.rck.lv\/en\/college\/about-us\/","url":"https:\/\/www.rck.lv\/en\/college\/about-us\/","name":"About us - R\u012bgas B\u016bvniec\u012bbas koled\u017ea","isPartOf":{"@id":"https:\/\/www.rck.lv\/#website"},"datePublished":"2020-02-01T16:52:50+00:00","dateModified":"2022-07-14T06:00:27+00:00","description":"\u21d2 Development and investment strategy of RBC \u21d2 Code of Conduct of RBC \u21d2 Internal Regulations of the Student hostel of RBC \u21d2 Regulations of the Internal","breadcrumb":{"@id":"https:\/\/www.rck.lv\/en\/college\/about-us\/#breadcrumb"},"inLanguage":"en-US","potentialAction":[{"@type":"ReadAction","target":["https:\/\/www.rck.lv\/en\/college\/about-us\/"]}]},{"@type":"BreadcrumbList","@id":"https:\/\/www.rck.lv\/en\/college\/about-us\/#breadcrumb","itemListElement":[{"@type":"ListItem","position":1,"name":"Home","item":"https:\/\/www.rck.lv\/en\/"},{"@type":"ListItem","position":2,"name":"College","item":"https:\/\/www.rck.lv\/en\/college\/"},{"@type":"ListItem","position":3,"name":"About us"}]},{"@type":"WebSite","@id":"https:\/\/www.rck.lv\/#website","url":"https:\/\/www.rck.lv\/","name":"R\u012bgas B\u016bvniec\u012bbas koled\u017ea","description":"R\u012bgas B\u016bvniec\u012bbas koled\u017ea ir profesion\u0101l\u0101s izgl\u012bt\u012bbas m\u0101c\u012bbu iest\u0101de, kas realiz\u0113 profesion\u0101lo vid\u0113jo izgl\u012bt\u012bbu un 1.l\u012bme\u0146a profesion\u0101lo augst\u0101ko izgl\u012bt\u012bbu dienas un vakara noda\u013c\u0101.","publisher":{"@id":"https:\/\/www.rck.lv\/#organization"},"potentialAction":[{"@type":"SearchAction","target":{"@type":"EntryPoint","urlTemplate":"https:\/\/www.rck.lv\/?s={search_term_string}"},"query-input":{"@type":"PropertyValueSpecification","valueRequired":true,"valueName":"search_term_string"}}],"inLanguage":"en-US"},{"@type":"Organization","@id":"https:\/\/www.rck.lv\/#organization","name":"R\u012bgas Celtniec\u012bbas koled\u017ea","url":"https:\/\/www.rck.lv\/","logo":{"@type":"ImageObject","inLanguage":"en-US","@id":"https:\/\/www.rck.lv\/#\/schema\/logo\/image\/","url":"https:\/\/www.rck.lv\/wp-content\/uploads\/2020\/03\/rck-logo.png","contentUrl":"https:\/\/www.rck.lv\/wp-content\/uploads\/2020\/03\/rck-logo.png","width":275,"height":107,"caption":"R\u012bgas Celtniec\u012bbas koled\u017ea"},"image":{"@id":"https:\/\/www.rck.lv\/#\/schema\/logo\/image\/"},"sameAs":["https:\/\/www.facebook.com\/Rigasceltniecibaskoledza"]}]}},"_links":{"self":[{"href":"https:\/\/www.rck.lv\/en\/wp-json\/wp\/v2\/pages\/3786","targetHints":{"allow":["GET"]}}],"collection":[{"href":"https:\/\/www.rck.lv\/en\/wp-json\/wp\/v2\/pages"}],"about":[{"href":"https:\/\/www.rck.lv\/en\/wp-json\/wp\/v2\/types\/page"}],"author":[{"embeddable":true,"href":"https:\/\/www.rck.lv\/en\/wp-json\/wp\/v2\/users\/4"}],"replies":[{"embeddable":true,"href":"https:\/\/www.rck.lv\/en\/wp-json\/wp\/v2\/comments?post=3786"}],"version-history":[{"count":8,"href":"https:\/\/www.rck.lv\/en\/wp-json\/wp\/v2\/pages\/3786\/revisions"}],"predecessor-version":[{"id":8017,"href":"https:\/\/www.rck.lv\/en\/wp-json\/wp\/v2\/pages\/3786\/revisions\/8017"}],"up":[{"embeddable":true,"href":"https:\/\/www.rck.lv\/en\/wp-json\/wp\/v2\/pages\/7964"}],"wp:attachment":[{"href":"https:\/\/www.rck.lv\/en\/wp-json\/wp\/v2\/media?parent=3786"}],"curies":[{"name":"wp","href":"https:\/\/api.w.org\/{rel}","templated":true}]}}