{"id":7849,"date":"2022-06-21T19:16:55","date_gmt":"2022-06-21T16:16:55","guid":{"rendered":"https:\/\/www.rck.lv\/studiju-programmas\/"},"modified":"2022-06-29T23:42:42","modified_gmt":"2022-06-29T20:42:42","slug":"study-programs","status":"publish","type":"page","link":"https:\/\/www.rck.lv\/en\/higher-education\/study-programs\/","title":{"rendered":"Study programs"},"content":{"rendered":"","protected":false},"excerpt":{"rendered":"","protected":false},"author":4,"featured_media":0,"parent":7851,"menu_order":26,"comment_status":"closed","ping_status":"closed","template":"","meta":{"footnotes":""},"class_list":["post-7849","page","type-page","status-publish","hentry"],"yoast_head":"<!-- This site is optimized with the Yoast SEO plugin v24.8.1 - https:\/\/yoast.com\/wordpress\/plugins\/seo\/ -->\n<title>Study programs - R\u012bgas B\u016bvniec\u012bbas koled\u017ea<\/title>\n<meta name=\"robots\" content=\"index, follow, max-snippet:-1, max-image-preview:large, max-video-preview:-1\" \/>\n<link rel=\"canonical\" href=\"https:\/\/www.rck.lv\/en\/higher-education\/study-programs\/\" \/>\n<meta property=\"og:locale\" content=\"en_US\" \/>\n<meta property=\"og:type\" content=\"article\" \/>\n<meta property=\"og:title\" content=\"Study programs - R\u012bgas B\u016bvniec\u012bbas koled\u017ea\" \/>\n<meta property=\"og:url\" content=\"https:\/\/www.rck.lv\/en\/higher-education\/study-programs\/\" \/>\n<meta property=\"og:site_name\" content=\"R\u012bgas B\u016bvniec\u012bbas koled\u017ea\" \/>\n<meta property=\"article:publisher\" content=\"https:\/\/www.facebook.com\/Rigasceltniecibaskoledza\" \/>\n<meta property=\"article:modified_time\" content=\"2022-06-29T20:42:42+00:00\" \/>\n<meta name=\"twitter:card\" content=\"summary_large_image\" \/>\n<script type=\"application\/ld+json\" class=\"yoast-schema-graph\">{\"@context\":\"https:\/\/schema.org\",\"@graph\":[{\"@type\":\"WebPage\",\"@id\":\"https:\/\/www.rck.lv\/en\/higher-education\/study-programs\/\",\"url\":\"https:\/\/www.rck.lv\/en\/higher-education\/study-programs\/\",\"name\":\"Study programs - R\u012bgas B\u016bvniec\u012bbas koled\u017ea\",\"isPartOf\":{\"@id\":\"https:\/\/www.rck.lv\/#website\"},\"datePublished\":\"2022-06-21T16:16:55+00:00\",\"dateModified\":\"2022-06-29T20:42:42+00:00\",\"breadcrumb\":{\"@id\":\"https:\/\/www.rck.lv\/en\/higher-education\/study-programs\/#breadcrumb\"},\"inLanguage\":\"en-US\",\"potentialAction\":[{\"@type\":\"ReadAction\",\"target\":[\"https:\/\/www.rck.lv\/en\/higher-education\/study-programs\/\"]}]},{\"@type\":\"BreadcrumbList\",\"@id\":\"https:\/\/www.rck.lv\/en\/higher-education\/study-programs\/#breadcrumb\",\"itemListElement\":[{\"@type\":\"ListItem\",\"position\":1,\"name\":\"Home\",\"item\":\"https:\/\/www.rck.lv\/en\/\"},{\"@type\":\"ListItem\",\"position\":2,\"name\":\"Higher education\",\"item\":\"https:\/\/www.rck.lv\/en\/higher-education\/\"},{\"@type\":\"ListItem\",\"position\":3,\"name\":\"Study programs\"}]},{\"@type\":\"WebSite\",\"@id\":\"https:\/\/www.rck.lv\/#website\",\"url\":\"https:\/\/www.rck.lv\/\",\"name\":\"R\u012bgas B\u016bvniec\u012bbas koled\u017ea\",\"description\":\"R\u012bgas B\u016bvniec\u012bbas koled\u017ea ir profesion\u0101l\u0101s izgl\u012bt\u012bbas m\u0101c\u012bbu iest\u0101de, kas realiz\u0113 profesion\u0101lo vid\u0113jo izgl\u012bt\u012bbu un 1.l\u012bme\u0146a profesion\u0101lo augst\u0101ko izgl\u012bt\u012bbu dienas un vakara noda\u013c\u0101.\",\"publisher\":{\"@id\":\"https:\/\/www.rck.lv\/#organization\"},\"potentialAction\":[{\"@type\":\"SearchAction\",\"target\":{\"@type\":\"EntryPoint\",\"urlTemplate\":\"https:\/\/www.rck.lv\/?s={search_term_string}\"},\"query-input\":{\"@type\":\"PropertyValueSpecification\",\"valueRequired\":true,\"valueName\":\"search_term_string\"}}],\"inLanguage\":\"en-US\"},{\"@type\":\"Organization\",\"@id\":\"https:\/\/www.rck.lv\/#organization\",\"name\":\"R\u012bgas Celtniec\u012bbas koled\u017ea\",\"url\":\"https:\/\/www.rck.lv\/\",\"logo\":{\"@type\":\"ImageObject\",\"inLanguage\":\"en-US\",\"@id\":\"https:\/\/www.rck.lv\/#\/schema\/logo\/image\/\",\"url\":\"https:\/\/www.rck.lv\/wp-content\/uploads\/2020\/03\/rck-logo.png\",\"contentUrl\":\"https:\/\/www.rck.lv\/wp-content\/uploads\/2020\/03\/rck-logo.png\",\"width\":275,\"height\":107,\"caption\":\"R\u012bgas Celtniec\u012bbas koled\u017ea\"},\"image\":{\"@id\":\"https:\/\/www.rck.lv\/#\/schema\/logo\/image\/\"},\"sameAs\":[\"https:\/\/www.facebook.com\/Rigasceltniecibaskoledza\"]}]}<\/script>\n<!-- \/ Yoast SEO plugin. -->","yoast_head_json":{"title":"Study programs - R\u012bgas B\u016bvniec\u012bbas koled\u017ea","robots":{"index":"index","follow":"follow","max-snippet":"max-snippet:-1","max-image-preview":"max-image-preview:large","max-video-preview":"max-video-preview:-1"},"canonical":"https:\/\/www.rck.lv\/en\/higher-education\/study-programs\/","og_locale":"en_US","og_type":"article","og_title":"Study programs - R\u012bgas B\u016bvniec\u012bbas koled\u017ea","og_url":"https:\/\/www.rck.lv\/en\/higher-education\/study-programs\/","og_site_name":"R\u012bgas B\u016bvniec\u012bbas koled\u017ea","article_publisher":"https:\/\/www.facebook.com\/Rigasceltniecibaskoledza","article_modified_time":"2022-06-29T20:42:42+00:00","twitter_card":"summary_large_image","schema":{"@context":"https:\/\/schema.org","@graph":[{"@type":"WebPage","@id":"https:\/\/www.rck.lv\/en\/higher-education\/study-programs\/","url":"https:\/\/www.rck.lv\/en\/higher-education\/study-programs\/","name":"Study programs - R\u012bgas B\u016bvniec\u012bbas koled\u017ea","isPartOf":{"@id":"https:\/\/www.rck.lv\/#website"},"datePublished":"2022-06-21T16:16:55+00:00","dateModified":"2022-06-29T20:42:42+00:00","breadcrumb":{"@id":"https:\/\/www.rck.lv\/en\/higher-education\/study-programs\/#breadcrumb"},"inLanguage":"en-US","potentialAction":[{"@type":"ReadAction","target":["https:\/\/www.rck.lv\/en\/higher-education\/study-programs\/"]}]},{"@type":"BreadcrumbList","@id":"https:\/\/www.rck.lv\/en\/higher-education\/study-programs\/#breadcrumb","itemListElement":[{"@type":"ListItem","position":1,"name":"Home","item":"https:\/\/www.rck.lv\/en\/"},{"@type":"ListItem","position":2,"name":"Higher education","item":"https:\/\/www.rck.lv\/en\/higher-education\/"},{"@type":"ListItem","position":3,"name":"Study programs"}]},{"@type":"WebSite","@id":"https:\/\/www.rck.lv\/#website","url":"https:\/\/www.rck.lv\/","name":"R\u012bgas B\u016bvniec\u012bbas koled\u017ea","description":"R\u012bgas B\u016bvniec\u012bbas koled\u017ea ir profesion\u0101l\u0101s izgl\u012bt\u012bbas m\u0101c\u012bbu iest\u0101de, kas realiz\u0113 profesion\u0101lo vid\u0113jo izgl\u012bt\u012bbu un 1.l\u012bme\u0146a profesion\u0101lo augst\u0101ko izgl\u012bt\u012bbu dienas un vakara noda\u013c\u0101.","publisher":{"@id":"https:\/\/www.rck.lv\/#organization"},"potentialAction":[{"@type":"SearchAction","target":{"@type":"EntryPoint","urlTemplate":"https:\/\/www.rck.lv\/?s={search_term_string}"},"query-input":{"@type":"PropertyValueSpecification","valueRequired":true,"valueName":"search_term_string"}}],"inLanguage":"en-US"},{"@type":"Organization","@id":"https:\/\/www.rck.lv\/#organization","name":"R\u012bgas Celtniec\u012bbas koled\u017ea","url":"https:\/\/www.rck.lv\/","logo":{"@type":"ImageObject","inLanguage":"en-US","@id":"https:\/\/www.rck.lv\/#\/schema\/logo\/image\/","url":"https:\/\/www.rck.lv\/wp-content\/uploads\/2020\/03\/rck-logo.png","contentUrl":"https:\/\/www.rck.lv\/wp-content\/uploads\/2020\/03\/rck-logo.png","width":275,"height":107,"caption":"R\u012bgas Celtniec\u012bbas koled\u017ea"},"image":{"@id":"https:\/\/www.rck.lv\/#\/schema\/logo\/image\/"},"sameAs":["https:\/\/www.facebook.com\/Rigasceltniecibaskoledza"]}]}},"_links":{"self":[{"href":"https:\/\/www.rck.lv\/en\/wp-json\/wp\/v2\/pages\/7849","targetHints":{"allow":["GET"]}}],"collection":[{"href":"https:\/\/www.rck.lv\/en\/wp-json\/wp\/v2\/pages"}],"about":[{"href":"https:\/\/www.rck.lv\/en\/wp-json\/wp\/v2\/types\/page"}],"author":[{"embeddable":true,"href":"https:\/\/www.rck.lv\/en\/wp-json\/wp\/v2\/users\/4"}],"replies":[{"embeddable":true,"href":"https:\/\/www.rck.lv\/en\/wp-json\/wp\/v2\/comments?post=7849"}],"version-history":[{"count":2,"href":"https:\/\/www.rck.lv\/en\/wp-json\/wp\/v2\/pages\/7849\/revisions"}],"predecessor-version":[{"id":7866,"href":"https:\/\/www.rck.lv\/en\/wp-json\/wp\/v2\/pages\/7849\/revisions\/7866"}],"up":[{"embeddable":true,"href":"https:\/\/www.rck.lv\/en\/wp-json\/wp\/v2\/pages\/7851"}],"wp:attachment":[{"href":"https:\/\/www.rck.lv\/en\/wp-json\/wp\/v2\/media?parent=7849"}],"curies":[{"name":"wp","href":"https:\/\/api.w.org\/{rel}","templated":true}]}}