{"id":7856,"date":"2022-04-26T18:20:31","date_gmt":"2022-04-26T15:20:31","guid":{"rendered":"https:\/\/www.rck.lv\/higher-education\/study-programs\/arhitekturas-tehnologija\/"},"modified":"2022-06-30T08:27:42","modified_gmt":"2022-06-30T05:27:42","slug":"architectural-technology","status":"publish","type":"page","link":"https:\/\/www.rck.lv\/en\/higher-education\/study-programs\/architectural-technology\/","title":{"rendered":"Architectural technology"},"content":{"rendered":"\n<h2>Architectural Technologist<\/h2>\n<hr \/>\n<p><a href=\"https:\/\/www.rck.lv\/wp-content\/uploads\/2022\/06\/Slaids1.png\"><img loading=\"lazy\" decoding=\"async\" class=\"aligncenter wp-image-7875 size-full\" src=\"https:\/\/www.rck.lv\/wp-content\/uploads\/2022\/06\/Slaids1.png\" alt=\"\" width=\"920\" height=\"460\" srcset=\"https:\/\/www.rck.lv\/wp-content\/uploads\/2022\/06\/Slaids1.png 920w, https:\/\/www.rck.lv\/wp-content\/uploads\/2022\/06\/Slaids1-300x150.png 300w, https:\/\/www.rck.lv\/wp-content\/uploads\/2022\/06\/Slaids1-768x384.png 768w\" sizes=\"auto, (max-width: 920px) 100vw, 920px\" \/><\/a><a href=\"https:\/\/www.rck.lv\/wp-content\/uploads\/2022\/06\/Slaids2.png\"><img loading=\"lazy\" decoding=\"async\" class=\"aligncenter wp-image-7877 size-full\" src=\"https:\/\/www.rck.lv\/wp-content\/uploads\/2022\/06\/Slaids2.png\" alt=\"\" width=\"920\" height=\"460\" srcset=\"https:\/\/www.rck.lv\/wp-content\/uploads\/2022\/06\/Slaids2.png 920w, https:\/\/www.rck.lv\/wp-content\/uploads\/2022\/06\/Slaids2-300x150.png 300w, https:\/\/www.rck.lv\/wp-content\/uploads\/2022\/06\/Slaids2-768x384.png 768w\" sizes=\"auto, (max-width: 920px) 100vw, 920px\" \/><\/a><a href=\"https:\/\/www.rck.lv\/wp-content\/uploads\/2022\/06\/Slaids3.png\"><img loading=\"lazy\" decoding=\"async\" class=\"aligncenter wp-image-7879 size-full\" src=\"https:\/\/www.rck.lv\/wp-content\/uploads\/2022\/06\/Slaids3.png\" alt=\"\" width=\"920\" height=\"460\" srcset=\"https:\/\/www.rck.lv\/wp-content\/uploads\/2022\/06\/Slaids3.png 920w, https:\/\/www.rck.lv\/wp-content\/uploads\/2022\/06\/Slaids3-300x150.png 300w, https:\/\/www.rck.lv\/wp-content\/uploads\/2022\/06\/Slaids3-768x384.png 768w\" sizes=\"auto, (max-width: 920px) 100vw, 920px\" \/><\/a><\/p>\n\n\n","protected":false},"excerpt":{"rendered":"<p>Architectural Technologist<\/p>\n","protected":false},"author":4,"featured_media":0,"parent":7849,"menu_order":28,"comment_status":"closed","ping_status":"closed","template":"","meta":{"footnotes":""},"class_list":["post-7856","page","type-page","status-publish","hentry"],"yoast_head":"<!-- This site is optimized with the Yoast SEO plugin v24.8.1 - https:\/\/yoast.com\/wordpress\/plugins\/seo\/ -->\n<title>Architectural technology - R\u012bgas B\u016bvniec\u012bbas koled\u017ea<\/title>\n<meta name=\"description\" content=\"Architectural Technologist\" \/>\n<meta name=\"robots\" content=\"index, follow, max-snippet:-1, max-image-preview:large, max-video-preview:-1\" \/>\n<link rel=\"canonical\" href=\"https:\/\/www.rck.lv\/en\/higher-education\/study-programs\/architectural-technology\/\" \/>\n<meta property=\"og:locale\" content=\"en_US\" \/>\n<meta property=\"og:type\" content=\"article\" \/>\n<meta property=\"og:title\" content=\"Architectural technology - R\u012bgas B\u016bvniec\u012bbas koled\u017ea\" \/>\n<meta property=\"og:description\" content=\"Architectural Technologist\" \/>\n<meta property=\"og:url\" content=\"https:\/\/www.rck.lv\/en\/higher-education\/study-programs\/architectural-technology\/\" \/>\n<meta property=\"og:site_name\" content=\"R\u012bgas B\u016bvniec\u012bbas koled\u017ea\" \/>\n<meta property=\"article:publisher\" content=\"https:\/\/www.facebook.com\/Rigasceltniecibaskoledza\" \/>\n<meta property=\"article:modified_time\" content=\"2022-06-30T05:27:42+00:00\" \/>\n<meta property=\"og:image\" content=\"https:\/\/www.rck.lv\/wp-content\/uploads\/2022\/06\/Slaids1.png\" \/>\n<meta name=\"twitter:card\" content=\"summary_large_image\" \/>\n<meta name=\"twitter:label1\" content=\"Est. reading time\" \/>\n\t<meta name=\"twitter:data1\" content=\"1 minute\" \/>\n<script type=\"application\/ld+json\" class=\"yoast-schema-graph\">{\"@context\":\"https:\/\/schema.org\",\"@graph\":[{\"@type\":\"WebPage\",\"@id\":\"https:\/\/www.rck.lv\/en\/higher-education\/study-programs\/architectural-technology\/\",\"url\":\"https:\/\/www.rck.lv\/en\/higher-education\/study-programs\/architectural-technology\/\",\"name\":\"Architectural technology - R\u012bgas B\u016bvniec\u012bbas koled\u017ea\",\"isPartOf\":{\"@id\":\"https:\/\/www.rck.lv\/#website\"},\"primaryImageOfPage\":{\"@id\":\"https:\/\/www.rck.lv\/en\/higher-education\/study-programs\/architectural-technology\/#primaryimage\"},\"image\":{\"@id\":\"https:\/\/www.rck.lv\/en\/higher-education\/study-programs\/architectural-technology\/#primaryimage\"},\"thumbnailUrl\":\"https:\/\/www.rck.lv\/wp-content\/uploads\/2022\/06\/Slaids1.png\",\"datePublished\":\"2022-04-26T15:20:31+00:00\",\"dateModified\":\"2022-06-30T05:27:42+00:00\",\"description\":\"Architectural Technologist\",\"breadcrumb\":{\"@id\":\"https:\/\/www.rck.lv\/en\/higher-education\/study-programs\/architectural-technology\/#breadcrumb\"},\"inLanguage\":\"en-US\",\"potentialAction\":[{\"@type\":\"ReadAction\",\"target\":[\"https:\/\/www.rck.lv\/en\/higher-education\/study-programs\/architectural-technology\/\"]}]},{\"@type\":\"ImageObject\",\"inLanguage\":\"en-US\",\"@id\":\"https:\/\/www.rck.lv\/en\/higher-education\/study-programs\/architectural-technology\/#primaryimage\",\"url\":\"https:\/\/www.rck.lv\/wp-content\/uploads\/2022\/06\/Slaids1.png\",\"contentUrl\":\"https:\/\/www.rck.lv\/wp-content\/uploads\/2022\/06\/Slaids1.png\"},{\"@type\":\"BreadcrumbList\",\"@id\":\"https:\/\/www.rck.lv\/en\/higher-education\/study-programs\/architectural-technology\/#breadcrumb\",\"itemListElement\":[{\"@type\":\"ListItem\",\"position\":1,\"name\":\"Home\",\"item\":\"https:\/\/www.rck.lv\/en\/\"},{\"@type\":\"ListItem\",\"position\":2,\"name\":\"Higher education\",\"item\":\"https:\/\/www.rck.lv\/en\/higher-education\/\"},{\"@type\":\"ListItem\",\"position\":3,\"name\":\"Study programs\",\"item\":\"https:\/\/www.rck.lv\/en\/higher-education\/study-programs\/\"},{\"@type\":\"ListItem\",\"position\":4,\"name\":\"Architectural technology\"}]},{\"@type\":\"WebSite\",\"@id\":\"https:\/\/www.rck.lv\/#website\",\"url\":\"https:\/\/www.rck.lv\/\",\"name\":\"R\u012bgas B\u016bvniec\u012bbas koled\u017ea\",\"description\":\"R\u012bgas B\u016bvniec\u012bbas koled\u017ea ir profesion\u0101l\u0101s izgl\u012bt\u012bbas m\u0101c\u012bbu iest\u0101de, kas realiz\u0113 profesion\u0101lo vid\u0113jo izgl\u012bt\u012bbu un 1.l\u012bme\u0146a profesion\u0101lo augst\u0101ko izgl\u012bt\u012bbu dienas un vakara noda\u013c\u0101.\",\"publisher\":{\"@id\":\"https:\/\/www.rck.lv\/#organization\"},\"potentialAction\":[{\"@type\":\"SearchAction\",\"target\":{\"@type\":\"EntryPoint\",\"urlTemplate\":\"https:\/\/www.rck.lv\/?s={search_term_string}\"},\"query-input\":{\"@type\":\"PropertyValueSpecification\",\"valueRequired\":true,\"valueName\":\"search_term_string\"}}],\"inLanguage\":\"en-US\"},{\"@type\":\"Organization\",\"@id\":\"https:\/\/www.rck.lv\/#organization\",\"name\":\"R\u012bgas Celtniec\u012bbas koled\u017ea\",\"url\":\"https:\/\/www.rck.lv\/\",\"logo\":{\"@type\":\"ImageObject\",\"inLanguage\":\"en-US\",\"@id\":\"https:\/\/www.rck.lv\/#\/schema\/logo\/image\/\",\"url\":\"https:\/\/www.rck.lv\/wp-content\/uploads\/2020\/03\/rck-logo.png\",\"contentUrl\":\"https:\/\/www.rck.lv\/wp-content\/uploads\/2020\/03\/rck-logo.png\",\"width\":275,\"height\":107,\"caption\":\"R\u012bgas Celtniec\u012bbas koled\u017ea\"},\"image\":{\"@id\":\"https:\/\/www.rck.lv\/#\/schema\/logo\/image\/\"},\"sameAs\":[\"https:\/\/www.facebook.com\/Rigasceltniecibaskoledza\"]}]}<\/script>\n<!-- \/ Yoast SEO plugin. -->","yoast_head_json":{"title":"Architectural technology - R\u012bgas B\u016bvniec\u012bbas koled\u017ea","description":"Architectural Technologist","robots":{"index":"index","follow":"follow","max-snippet":"max-snippet:-1","max-image-preview":"max-image-preview:large","max-video-preview":"max-video-preview:-1"},"canonical":"https:\/\/www.rck.lv\/en\/higher-education\/study-programs\/architectural-technology\/","og_locale":"en_US","og_type":"article","og_title":"Architectural technology - R\u012bgas B\u016bvniec\u012bbas koled\u017ea","og_description":"Architectural Technologist","og_url":"https:\/\/www.rck.lv\/en\/higher-education\/study-programs\/architectural-technology\/","og_site_name":"R\u012bgas B\u016bvniec\u012bbas koled\u017ea","article_publisher":"https:\/\/www.facebook.com\/Rigasceltniecibaskoledza","article_modified_time":"2022-06-30T05:27:42+00:00","og_image":[{"url":"https:\/\/www.rck.lv\/wp-content\/uploads\/2022\/06\/Slaids1.png","type":"","width":"","height":""}],"twitter_card":"summary_large_image","twitter_misc":{"Est. reading time":"1 minute"},"schema":{"@context":"https:\/\/schema.org","@graph":[{"@type":"WebPage","@id":"https:\/\/www.rck.lv\/en\/higher-education\/study-programs\/architectural-technology\/","url":"https:\/\/www.rck.lv\/en\/higher-education\/study-programs\/architectural-technology\/","name":"Architectural technology - R\u012bgas B\u016bvniec\u012bbas koled\u017ea","isPartOf":{"@id":"https:\/\/www.rck.lv\/#website"},"primaryImageOfPage":{"@id":"https:\/\/www.rck.lv\/en\/higher-education\/study-programs\/architectural-technology\/#primaryimage"},"image":{"@id":"https:\/\/www.rck.lv\/en\/higher-education\/study-programs\/architectural-technology\/#primaryimage"},"thumbnailUrl":"https:\/\/www.rck.lv\/wp-content\/uploads\/2022\/06\/Slaids1.png","datePublished":"2022-04-26T15:20:31+00:00","dateModified":"2022-06-30T05:27:42+00:00","description":"Architectural Technologist","breadcrumb":{"@id":"https:\/\/www.rck.lv\/en\/higher-education\/study-programs\/architectural-technology\/#breadcrumb"},"inLanguage":"en-US","potentialAction":[{"@type":"ReadAction","target":["https:\/\/www.rck.lv\/en\/higher-education\/study-programs\/architectural-technology\/"]}]},{"@type":"ImageObject","inLanguage":"en-US","@id":"https:\/\/www.rck.lv\/en\/higher-education\/study-programs\/architectural-technology\/#primaryimage","url":"https:\/\/www.rck.lv\/wp-content\/uploads\/2022\/06\/Slaids1.png","contentUrl":"https:\/\/www.rck.lv\/wp-content\/uploads\/2022\/06\/Slaids1.png"},{"@type":"BreadcrumbList","@id":"https:\/\/www.rck.lv\/en\/higher-education\/study-programs\/architectural-technology\/#breadcrumb","itemListElement":[{"@type":"ListItem","position":1,"name":"Home","item":"https:\/\/www.rck.lv\/en\/"},{"@type":"ListItem","position":2,"name":"Higher education","item":"https:\/\/www.rck.lv\/en\/higher-education\/"},{"@type":"ListItem","position":3,"name":"Study programs","item":"https:\/\/www.rck.lv\/en\/higher-education\/study-programs\/"},{"@type":"ListItem","position":4,"name":"Architectural technology"}]},{"@type":"WebSite","@id":"https:\/\/www.rck.lv\/#website","url":"https:\/\/www.rck.lv\/","name":"R\u012bgas B\u016bvniec\u012bbas koled\u017ea","description":"R\u012bgas B\u016bvniec\u012bbas koled\u017ea ir profesion\u0101l\u0101s izgl\u012bt\u012bbas m\u0101c\u012bbu iest\u0101de, kas realiz\u0113 profesion\u0101lo vid\u0113jo izgl\u012bt\u012bbu un 1.l\u012bme\u0146a profesion\u0101lo augst\u0101ko izgl\u012bt\u012bbu dienas un vakara noda\u013c\u0101.","publisher":{"@id":"https:\/\/www.rck.lv\/#organization"},"potentialAction":[{"@type":"SearchAction","target":{"@type":"EntryPoint","urlTemplate":"https:\/\/www.rck.lv\/?s={search_term_string}"},"query-input":{"@type":"PropertyValueSpecification","valueRequired":true,"valueName":"search_term_string"}}],"inLanguage":"en-US"},{"@type":"Organization","@id":"https:\/\/www.rck.lv\/#organization","name":"R\u012bgas Celtniec\u012bbas koled\u017ea","url":"https:\/\/www.rck.lv\/","logo":{"@type":"ImageObject","inLanguage":"en-US","@id":"https:\/\/www.rck.lv\/#\/schema\/logo\/image\/","url":"https:\/\/www.rck.lv\/wp-content\/uploads\/2020\/03\/rck-logo.png","contentUrl":"https:\/\/www.rck.lv\/wp-content\/uploads\/2020\/03\/rck-logo.png","width":275,"height":107,"caption":"R\u012bgas Celtniec\u012bbas koled\u017ea"},"image":{"@id":"https:\/\/www.rck.lv\/#\/schema\/logo\/image\/"},"sameAs":["https:\/\/www.facebook.com\/Rigasceltniecibaskoledza"]}]}},"_links":{"self":[{"href":"https:\/\/www.rck.lv\/en\/wp-json\/wp\/v2\/pages\/7856","targetHints":{"allow":["GET"]}}],"collection":[{"href":"https:\/\/www.rck.lv\/en\/wp-json\/wp\/v2\/pages"}],"about":[{"href":"https:\/\/www.rck.lv\/en\/wp-json\/wp\/v2\/types\/page"}],"author":[{"embeddable":true,"href":"https:\/\/www.rck.lv\/en\/wp-json\/wp\/v2\/users\/4"}],"replies":[{"embeddable":true,"href":"https:\/\/www.rck.lv\/en\/wp-json\/wp\/v2\/comments?post=7856"}],"version-history":[{"count":5,"href":"https:\/\/www.rck.lv\/en\/wp-json\/wp\/v2\/pages\/7856\/revisions"}],"predecessor-version":[{"id":7882,"href":"https:\/\/www.rck.lv\/en\/wp-json\/wp\/v2\/pages\/7856\/revisions\/7882"}],"up":[{"embeddable":true,"href":"https:\/\/www.rck.lv\/en\/wp-json\/wp\/v2\/pages\/7849"}],"wp:attachment":[{"href":"https:\/\/www.rck.lv\/en\/wp-json\/wp\/v2\/media?parent=7856"}],"curies":[{"name":"wp","href":"https:\/\/api.w.org\/{rel}","templated":true}]}}