{"id":7858,"date":"2022-06-21T19:39:27","date_gmt":"2022-06-21T16:39:27","guid":{"rendered":"https:\/\/www.rck.lv\/higher-education\/study-programs\/buvzinibas\/"},"modified":"2023-02-02T22:25:48","modified_gmt":"2023-02-02T20:25:48","slug":"construction","status":"publish","type":"page","link":"https:\/\/www.rck.lv\/en\/higher-education\/study-programs\/construction\/","title":{"rendered":"Civil Engineering and Construction"},"content":{"rendered":"\n<h2>Building Site Supervisor<\/h2>\n<hr \/>\n<p><a href=\"https:\/\/www.rck.lv\/wp-content\/uploads\/2022\/06\/Slaids1-1.png\"><img loading=\"lazy\" decoding=\"async\" class=\"aligncenter wp-image-7888 size-full\" src=\"https:\/\/www.rck.lv\/wp-content\/uploads\/2022\/06\/Slaids1-1.png\" alt=\"\" width=\"920\" height=\"460\" srcset=\"https:\/\/www.rck.lv\/wp-content\/uploads\/2022\/06\/Slaids1-1.png 920w, https:\/\/www.rck.lv\/wp-content\/uploads\/2022\/06\/Slaids1-1-300x150.png 300w, https:\/\/www.rck.lv\/wp-content\/uploads\/2022\/06\/Slaids1-1-768x384.png 768w\" sizes=\"auto, (max-width: 920px) 100vw, 920px\" \/><\/a> <a href=\"https:\/\/www.rck.lv\/wp-content\/uploads\/2022\/06\/Slaids2-1.png\"><img loading=\"lazy\" decoding=\"async\" class=\"aligncenter wp-image-7890 size-full\" src=\"https:\/\/www.rck.lv\/wp-content\/uploads\/2022\/06\/Slaids2-1.png\" alt=\"\" width=\"920\" height=\"460\" srcset=\"https:\/\/www.rck.lv\/wp-content\/uploads\/2022\/06\/Slaids2-1.png 920w, https:\/\/www.rck.lv\/wp-content\/uploads\/2022\/06\/Slaids2-1-300x150.png 300w, https:\/\/www.rck.lv\/wp-content\/uploads\/2022\/06\/Slaids2-1-768x384.png 768w\" sizes=\"auto, (max-width: 920px) 100vw, 920px\" \/><\/a><\/p>\n","protected":false},"excerpt":{"rendered":"<p>Building Site Supervisor<\/p>\n","protected":false},"author":4,"featured_media":0,"parent":7849,"menu_order":23,"comment_status":"closed","ping_status":"closed","template":"","meta":{"footnotes":""},"class_list":["post-7858","page","type-page","status-publish","hentry"],"yoast_head":"<!-- This site is optimized with the Yoast SEO plugin v24.8.1 - https:\/\/yoast.com\/wordpress\/plugins\/seo\/ -->\n<title>Civil Engineering and Construction - R\u012bgas B\u016bvniec\u012bbas koled\u017ea<\/title>\n<meta name=\"description\" content=\"Building Site Supervisor\" \/>\n<meta name=\"robots\" content=\"index, follow, max-snippet:-1, max-image-preview:large, max-video-preview:-1\" \/>\n<link rel=\"canonical\" href=\"https:\/\/www.rck.lv\/en\/higher-education\/study-programs\/construction\/\" \/>\n<meta property=\"og:locale\" content=\"en_US\" \/>\n<meta property=\"og:type\" content=\"article\" \/>\n<meta property=\"og:title\" content=\"Civil Engineering and Construction - R\u012bgas B\u016bvniec\u012bbas koled\u017ea\" \/>\n<meta property=\"og:description\" content=\"Building Site Supervisor\" \/>\n<meta property=\"og:url\" content=\"https:\/\/www.rck.lv\/en\/higher-education\/study-programs\/construction\/\" \/>\n<meta property=\"og:site_name\" content=\"R\u012bgas B\u016bvniec\u012bbas koled\u017ea\" \/>\n<meta property=\"article:publisher\" content=\"https:\/\/www.facebook.com\/Rigasceltniecibaskoledza\" \/>\n<meta property=\"article:modified_time\" content=\"2023-02-02T20:25:48+00:00\" \/>\n<meta property=\"og:image\" content=\"https:\/\/www.rck.lv\/wp-content\/uploads\/2022\/06\/Slaids1-1.png\" \/>\n<meta name=\"twitter:card\" content=\"summary_large_image\" \/>\n<meta name=\"twitter:label1\" content=\"Est. reading time\" \/>\n\t<meta name=\"twitter:data1\" content=\"1 minute\" \/>\n<script type=\"application\/ld+json\" class=\"yoast-schema-graph\">{\"@context\":\"https:\/\/schema.org\",\"@graph\":[{\"@type\":\"WebPage\",\"@id\":\"https:\/\/www.rck.lv\/en\/higher-education\/study-programs\/construction\/\",\"url\":\"https:\/\/www.rck.lv\/en\/higher-education\/study-programs\/construction\/\",\"name\":\"Civil Engineering and Construction - R\u012bgas B\u016bvniec\u012bbas koled\u017ea\",\"isPartOf\":{\"@id\":\"https:\/\/www.rck.lv\/#website\"},\"primaryImageOfPage\":{\"@id\":\"https:\/\/www.rck.lv\/en\/higher-education\/study-programs\/construction\/#primaryimage\"},\"image\":{\"@id\":\"https:\/\/www.rck.lv\/en\/higher-education\/study-programs\/construction\/#primaryimage\"},\"thumbnailUrl\":\"https:\/\/www.rck.lv\/wp-content\/uploads\/2022\/06\/Slaids1-1.png\",\"datePublished\":\"2022-06-21T16:39:27+00:00\",\"dateModified\":\"2023-02-02T20:25:48+00:00\",\"description\":\"Building Site Supervisor\",\"breadcrumb\":{\"@id\":\"https:\/\/www.rck.lv\/en\/higher-education\/study-programs\/construction\/#breadcrumb\"},\"inLanguage\":\"en-US\",\"potentialAction\":[{\"@type\":\"ReadAction\",\"target\":[\"https:\/\/www.rck.lv\/en\/higher-education\/study-programs\/construction\/\"]}]},{\"@type\":\"ImageObject\",\"inLanguage\":\"en-US\",\"@id\":\"https:\/\/www.rck.lv\/en\/higher-education\/study-programs\/construction\/#primaryimage\",\"url\":\"https:\/\/www.rck.lv\/wp-content\/uploads\/2022\/06\/Slaids1-1.png\",\"contentUrl\":\"https:\/\/www.rck.lv\/wp-content\/uploads\/2022\/06\/Slaids1-1.png\"},{\"@type\":\"BreadcrumbList\",\"@id\":\"https:\/\/www.rck.lv\/en\/higher-education\/study-programs\/construction\/#breadcrumb\",\"itemListElement\":[{\"@type\":\"ListItem\",\"position\":1,\"name\":\"Home\",\"item\":\"https:\/\/www.rck.lv\/en\/\"},{\"@type\":\"ListItem\",\"position\":2,\"name\":\"Higher education\",\"item\":\"https:\/\/www.rck.lv\/en\/higher-education\/\"},{\"@type\":\"ListItem\",\"position\":3,\"name\":\"Study programs\",\"item\":\"https:\/\/www.rck.lv\/en\/higher-education\/study-programs\/\"},{\"@type\":\"ListItem\",\"position\":4,\"name\":\"Civil Engineering and Construction\"}]},{\"@type\":\"WebSite\",\"@id\":\"https:\/\/www.rck.lv\/#website\",\"url\":\"https:\/\/www.rck.lv\/\",\"name\":\"R\u012bgas B\u016bvniec\u012bbas koled\u017ea\",\"description\":\"R\u012bgas B\u016bvniec\u012bbas koled\u017ea ir profesion\u0101l\u0101s izgl\u012bt\u012bbas m\u0101c\u012bbu iest\u0101de, kas realiz\u0113 profesion\u0101lo vid\u0113jo izgl\u012bt\u012bbu un 1.l\u012bme\u0146a profesion\u0101lo augst\u0101ko izgl\u012bt\u012bbu dienas un vakara noda\u013c\u0101.\",\"publisher\":{\"@id\":\"https:\/\/www.rck.lv\/#organization\"},\"potentialAction\":[{\"@type\":\"SearchAction\",\"target\":{\"@type\":\"EntryPoint\",\"urlTemplate\":\"https:\/\/www.rck.lv\/?s={search_term_string}\"},\"query-input\":{\"@type\":\"PropertyValueSpecification\",\"valueRequired\":true,\"valueName\":\"search_term_string\"}}],\"inLanguage\":\"en-US\"},{\"@type\":\"Organization\",\"@id\":\"https:\/\/www.rck.lv\/#organization\",\"name\":\"R\u012bgas Celtniec\u012bbas koled\u017ea\",\"url\":\"https:\/\/www.rck.lv\/\",\"logo\":{\"@type\":\"ImageObject\",\"inLanguage\":\"en-US\",\"@id\":\"https:\/\/www.rck.lv\/#\/schema\/logo\/image\/\",\"url\":\"https:\/\/www.rck.lv\/wp-content\/uploads\/2020\/03\/rck-logo.png\",\"contentUrl\":\"https:\/\/www.rck.lv\/wp-content\/uploads\/2020\/03\/rck-logo.png\",\"width\":275,\"height\":107,\"caption\":\"R\u012bgas Celtniec\u012bbas koled\u017ea\"},\"image\":{\"@id\":\"https:\/\/www.rck.lv\/#\/schema\/logo\/image\/\"},\"sameAs\":[\"https:\/\/www.facebook.com\/Rigasceltniecibaskoledza\"]}]}<\/script>\n<!-- \/ Yoast SEO plugin. -->","yoast_head_json":{"title":"Civil Engineering and Construction - R\u012bgas B\u016bvniec\u012bbas koled\u017ea","description":"Building Site Supervisor","robots":{"index":"index","follow":"follow","max-snippet":"max-snippet:-1","max-image-preview":"max-image-preview:large","max-video-preview":"max-video-preview:-1"},"canonical":"https:\/\/www.rck.lv\/en\/higher-education\/study-programs\/construction\/","og_locale":"en_US","og_type":"article","og_title":"Civil Engineering and Construction - R\u012bgas B\u016bvniec\u012bbas koled\u017ea","og_description":"Building Site Supervisor","og_url":"https:\/\/www.rck.lv\/en\/higher-education\/study-programs\/construction\/","og_site_name":"R\u012bgas B\u016bvniec\u012bbas koled\u017ea","article_publisher":"https:\/\/www.facebook.com\/Rigasceltniecibaskoledza","article_modified_time":"2023-02-02T20:25:48+00:00","og_image":[{"url":"https:\/\/www.rck.lv\/wp-content\/uploads\/2022\/06\/Slaids1-1.png","type":"","width":"","height":""}],"twitter_card":"summary_large_image","twitter_misc":{"Est. reading time":"1 minute"},"schema":{"@context":"https:\/\/schema.org","@graph":[{"@type":"WebPage","@id":"https:\/\/www.rck.lv\/en\/higher-education\/study-programs\/construction\/","url":"https:\/\/www.rck.lv\/en\/higher-education\/study-programs\/construction\/","name":"Civil Engineering and Construction - R\u012bgas B\u016bvniec\u012bbas koled\u017ea","isPartOf":{"@id":"https:\/\/www.rck.lv\/#website"},"primaryImageOfPage":{"@id":"https:\/\/www.rck.lv\/en\/higher-education\/study-programs\/construction\/#primaryimage"},"image":{"@id":"https:\/\/www.rck.lv\/en\/higher-education\/study-programs\/construction\/#primaryimage"},"thumbnailUrl":"https:\/\/www.rck.lv\/wp-content\/uploads\/2022\/06\/Slaids1-1.png","datePublished":"2022-06-21T16:39:27+00:00","dateModified":"2023-02-02T20:25:48+00:00","description":"Building Site Supervisor","breadcrumb":{"@id":"https:\/\/www.rck.lv\/en\/higher-education\/study-programs\/construction\/#breadcrumb"},"inLanguage":"en-US","potentialAction":[{"@type":"ReadAction","target":["https:\/\/www.rck.lv\/en\/higher-education\/study-programs\/construction\/"]}]},{"@type":"ImageObject","inLanguage":"en-US","@id":"https:\/\/www.rck.lv\/en\/higher-education\/study-programs\/construction\/#primaryimage","url":"https:\/\/www.rck.lv\/wp-content\/uploads\/2022\/06\/Slaids1-1.png","contentUrl":"https:\/\/www.rck.lv\/wp-content\/uploads\/2022\/06\/Slaids1-1.png"},{"@type":"BreadcrumbList","@id":"https:\/\/www.rck.lv\/en\/higher-education\/study-programs\/construction\/#breadcrumb","itemListElement":[{"@type":"ListItem","position":1,"name":"Home","item":"https:\/\/www.rck.lv\/en\/"},{"@type":"ListItem","position":2,"name":"Higher education","item":"https:\/\/www.rck.lv\/en\/higher-education\/"},{"@type":"ListItem","position":3,"name":"Study programs","item":"https:\/\/www.rck.lv\/en\/higher-education\/study-programs\/"},{"@type":"ListItem","position":4,"name":"Civil Engineering and Construction"}]},{"@type":"WebSite","@id":"https:\/\/www.rck.lv\/#website","url":"https:\/\/www.rck.lv\/","name":"R\u012bgas B\u016bvniec\u012bbas koled\u017ea","description":"R\u012bgas B\u016bvniec\u012bbas koled\u017ea ir profesion\u0101l\u0101s izgl\u012bt\u012bbas m\u0101c\u012bbu iest\u0101de, kas realiz\u0113 profesion\u0101lo vid\u0113jo izgl\u012bt\u012bbu un 1.l\u012bme\u0146a profesion\u0101lo augst\u0101ko izgl\u012bt\u012bbu dienas un vakara noda\u013c\u0101.","publisher":{"@id":"https:\/\/www.rck.lv\/#organization"},"potentialAction":[{"@type":"SearchAction","target":{"@type":"EntryPoint","urlTemplate":"https:\/\/www.rck.lv\/?s={search_term_string}"},"query-input":{"@type":"PropertyValueSpecification","valueRequired":true,"valueName":"search_term_string"}}],"inLanguage":"en-US"},{"@type":"Organization","@id":"https:\/\/www.rck.lv\/#organization","name":"R\u012bgas Celtniec\u012bbas koled\u017ea","url":"https:\/\/www.rck.lv\/","logo":{"@type":"ImageObject","inLanguage":"en-US","@id":"https:\/\/www.rck.lv\/#\/schema\/logo\/image\/","url":"https:\/\/www.rck.lv\/wp-content\/uploads\/2020\/03\/rck-logo.png","contentUrl":"https:\/\/www.rck.lv\/wp-content\/uploads\/2020\/03\/rck-logo.png","width":275,"height":107,"caption":"R\u012bgas Celtniec\u012bbas koled\u017ea"},"image":{"@id":"https:\/\/www.rck.lv\/#\/schema\/logo\/image\/"},"sameAs":["https:\/\/www.facebook.com\/Rigasceltniecibaskoledza"]}]}},"_links":{"self":[{"href":"https:\/\/www.rck.lv\/en\/wp-json\/wp\/v2\/pages\/7858","targetHints":{"allow":["GET"]}}],"collection":[{"href":"https:\/\/www.rck.lv\/en\/wp-json\/wp\/v2\/pages"}],"about":[{"href":"https:\/\/www.rck.lv\/en\/wp-json\/wp\/v2\/types\/page"}],"author":[{"embeddable":true,"href":"https:\/\/www.rck.lv\/en\/wp-json\/wp\/v2\/users\/4"}],"replies":[{"embeddable":true,"href":"https:\/\/www.rck.lv\/en\/wp-json\/wp\/v2\/comments?post=7858"}],"version-history":[{"count":4,"href":"https:\/\/www.rck.lv\/en\/wp-json\/wp\/v2\/pages\/7858\/revisions"}],"predecessor-version":[{"id":8464,"href":"https:\/\/www.rck.lv\/en\/wp-json\/wp\/v2\/pages\/7858\/revisions\/8464"}],"up":[{"embeddable":true,"href":"https:\/\/www.rck.lv\/en\/wp-json\/wp\/v2\/pages\/7849"}],"wp:attachment":[{"href":"https:\/\/www.rck.lv\/en\/wp-json\/wp\/v2\/media?parent=7858"}],"curies":[{"name":"wp","href":"https:\/\/api.w.org\/{rel}","templated":true}]}}